{"id":1659,"date":"2019-10-23T11:14:18","date_gmt":"2019-10-23T09:14:18","guid":{"rendered":"https:\/\/www.o-cool.eu\/gallery\/"},"modified":"2020-01-29T12:35:29","modified_gmt":"2020-01-29T11:35:29","slug":"galeria","status":"publish","type":"page","link":"https:\/\/www.o-cool.eu\/sk\/galeria\/","title":{"rendered":"GAL\u00c9RIA"},"content":{"rendered":"\t\t<div data-elementor-type=\"wp-page\" data-elementor-id=\"1659\" class=\"elementor elementor-1659 elementor-141\">\n\t\t\t\t\t\t<div class=\"elementor-inner\">\n\t\t\t\t<div class=\"elementor-section-wrap\">\n\t\t\t\t\t\t\t\t\t<section class=\"elementor-section elementor-top-section elementor-element elementor-element-22cc29c elementor-section-height-min-height elementor-section-boxed elementor-section-height-default elementor-section-items-middle\" data-id=\"22cc29c\" data-element_type=\"section\" data-settings=\"{&quot;background_background&quot;:&quot;gradient&quot;}\">\n\t\t\t\t\t\t\t<div class=\"elementor-background-overlay\"><\/div>\n\t\t\t\t\t\t\t<div class=\"elementor-container elementor-column-gap-default\">\n\t\t\t\t\t\t\t<div class=\"elementor-row\">\n\t\t\t\t\t<div class=\"elementor-column elementor-col-100 elementor-top-column elementor-element elementor-element-8e4c784\" data-id=\"8e4c784\" data-element_type=\"column\">\n\t\t\t<div class=\"elementor-column-wrap elementor-element-populated\">\n\t\t\t\t\t\t\t<div class=\"elementor-widget-wrap\">\n\t\t\t\t\t\t<div class=\"elementor-element elementor-element-1fe41eb elementor-widget elementor-widget-heading\" data-id=\"1fe41eb\" data-element_type=\"widget\" data-widget_type=\"heading.default\">\n\t\t\t\t<div class=\"elementor-widget-container\">\n\t\t\t<h2 class=\"elementor-heading-title elementor-size-default\">\u00b0GAL\u00c9RIA<\/h2>\t\t<\/div>\n\t\t\t\t<\/div>\n\t\t\t\t<section class=\"elementor-section elementor-inner-section elementor-element elementor-element-012351a elementor-section-full_width elementor-section-content-top elementor-section-height-default elementor-section-height-default\" data-id=\"012351a\" data-element_type=\"section\">\n\t\t\t\t\t\t<div class=\"elementor-container elementor-column-gap-wide\">\n\t\t\t\t\t\t\t<div class=\"elementor-row\">\n\t\t\t\t\t<div class=\"elementor-column elementor-col-50 elementor-inner-column elementor-element elementor-element-0777b16\" data-id=\"0777b16\" data-element_type=\"column\">\n\t\t\t<div class=\"elementor-column-wrap elementor-element-populated\">\n\t\t\t\t\t\t\t<div class=\"elementor-widget-wrap\">\n\t\t\t\t\t\t<div class=\"elementor-element elementor-element-a4f1c78 elementor-widget elementor-widget-heading\" data-id=\"a4f1c78\" data-element_type=\"widget\" data-widget_type=\"heading.default\">\n\t\t\t\t<div class=\"elementor-widget-container\">\n\t\t\t<h2 class=\"elementor-heading-title elementor-size-default\">O'Cool pre kone - chladiace terapeutick\u00e9 gama\u0161e\n<\/h2>\t\t<\/div>\n\t\t\t\t<\/div>\n\t\t\t\t\t\t<\/div>\n\t\t\t\t\t<\/div>\n\t\t<\/div>\n\t\t\t\t<div class=\"elementor-column elementor-col-50 elementor-inner-column elementor-element elementor-element-0d63ccb\" data-id=\"0d63ccb\" data-element_type=\"column\">\n\t\t\t<div class=\"elementor-column-wrap elementor-element-populated\">\n\t\t\t\t\t\t\t<div class=\"elementor-widget-wrap\">\n\t\t\t\t\t\t<div class=\"elementor-element elementor-element-a10be49 elementor-widget elementor-widget-heading\" data-id=\"a10be49\" data-element_type=\"widget\" data-widget_type=\"heading.default\">\n\t\t\t\t<div class=\"elementor-widget-container\">\n\t\t\t<h2 class=\"elementor-heading-title elementor-size-default\">Recenzia - Sandra Bulik-Kallayov\u00e1, BKsporthorses\n<\/h2>\t\t<\/div>\n\t\t\t\t<\/div>\n\t\t\t\t\t\t<\/div>\n\t\t\t\t\t<\/div>\n\t\t<\/div>\n\t\t\t\t\t\t\t\t<\/div>\n\t\t\t\t\t<\/div>\n\t\t<\/section>\n\t\t\t\t<section class=\"elementor-section elementor-inner-section elementor-element elementor-element-976aac2 elementor-section-full_width elementor-section-content-top elementor-section-height-default elementor-section-height-default\" data-id=\"976aac2\" data-element_type=\"section\">\n\t\t\t\t\t\t<div class=\"elementor-container elementor-column-gap-wide\">\n\t\t\t\t\t\t\t<div class=\"elementor-row\">\n\t\t\t\t\t<div class=\"elementor-column elementor-col-100 elementor-inner-column elementor-element elementor-element-7e65360\" data-id=\"7e65360\" data-element_type=\"column\">\n\t\t\t<div class=\"elementor-column-wrap\">\n\t\t\t\t\t\t\t<div class=\"elementor-widget-wrap\">\n\t\t\t\t\t\t\t\t<\/div>\n\t\t\t\t\t<\/div>\n\t\t<\/div>\n\t\t\t\t\t\t\t\t<\/div>\n\t\t\t\t\t<\/div>\n\t\t<\/section>\n\t\t\t\t<div class=\"elementor-element elementor-element-8970444 elementor-invisible elementor-widget elementor-widget-premium-addon-button\" data-id=\"8970444\" data-element_type=\"widget\" data-settings=\"{&quot;_animation&quot;:&quot;headShake&quot;}\" data-widget_type=\"premium-addon-button.default\">\n\t\t\t\t<div class=\"elementor-widget-container\">\n\t\t\t\r\n\r\n\t\t<a class=\"premium-button premium-button-none premium-btn-lg premium-button-none\" href=\"https:\/\/www.o-cool.eu\/sk\/e-shop\/\">\r\n\t\t\t<div class=\"premium-button-text-icon-wrapper\">\r\n\t\t\t\t\t\t\t\t<span >\r\n\t\t\t\t\t\u00b0E-SHOP\t\t\t\t<\/span>\r\n\t\t\t\t\t\t\t<\/div>\r\n\t\t\t\t\t\t\t\t<\/a>\r\n\r\n\r\n\t\t\t\t<\/div>\n\t\t\t\t<\/div>\n\t\t\t\t<section class=\"elementor-section elementor-inner-section elementor-element elementor-element-eb6ffd5 elementor-section-height-min-height elementor-section-boxed elementor-section-height-default\" data-id=\"eb6ffd5\" data-element_type=\"section\">\n\t\t\t\t\t\t<div class=\"elementor-container elementor-column-gap-default\">\n\t\t\t\t\t\t\t<div class=\"elementor-row\">\n\t\t\t\t\t<div class=\"elementor-column elementor-col-33 elementor-inner-column elementor-element elementor-element-f5b9da8\" data-id=\"f5b9da8\" data-element_type=\"column\">\n\t\t\t<div class=\"elementor-column-wrap elementor-element-populated\">\n\t\t\t\t\t\t\t<div class=\"elementor-widget-wrap\">\n\t\t\t\t\t\t<div class=\"elementor-element elementor-element-469fc8b elementor-widget elementor-widget-image\" data-id=\"469fc8b\" data-element_type=\"widget\" data-settings=\"{&quot;motion_fx_motion_fx_scrolling&quot;:&quot;yes&quot;,&quot;motion_fx_translateY_effect&quot;:&quot;yes&quot;,&quot;motion_fx_translateY_speed&quot;:{&quot;unit&quot;:&quot;px&quot;,&quot;size&quot;:0.59999999999999997779553950749686919152736663818359375,&quot;sizes&quot;:[]},&quot;motion_fx_translateY_affectedRange&quot;:{&quot;unit&quot;:&quot;%&quot;,&quot;size&quot;:&quot;&quot;,&quot;sizes&quot;:{&quot;start&quot;:0,&quot;end&quot;:50}},&quot;motion_fx_devices&quot;:[&quot;desktop&quot;,&quot;tablet&quot;]}\" data-widget_type=\"image.default\">\n\t\t\t\t<div class=\"elementor-widget-container\">\n\t\t\t\t\t\t\t\t<div class=\"elementor-image\">\n\t\t\t\t\t\t\t\t\t\t\t\t<img decoding=\"async\" width=\"500\" height=\"500\" src=\"https:\/\/www.o-cool.eu\/wp-content\/uploads\/2019\/10\/chladenie-01A.png\" class=\"elementor-animation-grow attachment-full size-full wp-image-1528\" alt=\"cooling products\" loading=\"lazy\" srcset=\"https:\/\/www.o-cool.eu\/wp-content\/uploads\/2019\/10\/chladenie-01A.png 500w, https:\/\/www.o-cool.eu\/wp-content\/uploads\/2019\/10\/chladenie-01A-150x150.png 150w, https:\/\/www.o-cool.eu\/wp-content\/uploads\/2019\/10\/chladenie-01A-300x300.png 300w, https:\/\/www.o-cool.eu\/wp-content\/uploads\/2019\/10\/chladenie-01A-100x100.png 100w\" sizes=\"(max-width: 500px) 100vw, 500px\" \/>\t\t\t\t\t\t\t\t\t\t\t\t\t\t<\/div>\n\t\t\t\t\t\t<\/div>\n\t\t\t\t<\/div>\n\t\t\t\t<div class=\"elementor-element elementor-element-3c71b91 elementor-widget elementor-widget-heading\" data-id=\"3c71b91\" data-element_type=\"widget\" data-widget_type=\"heading.default\">\n\t\t\t\t<div class=\"elementor-widget-container\">\n\t\t\t<h2 class=\"elementor-heading-title elementor-size-default\">R\u00ddCHLE CHLADENIE<\/h2>\t\t<\/div>\n\t\t\t\t<\/div>\n\t\t\t\t\t\t<\/div>\n\t\t\t\t\t<\/div>\n\t\t<\/div>\n\t\t\t\t<div class=\"elementor-column elementor-col-33 elementor-inner-column elementor-element elementor-element-0fa3dce\" data-id=\"0fa3dce\" data-element_type=\"column\">\n\t\t\t<div class=\"elementor-column-wrap elementor-element-populated\">\n\t\t\t\t\t\t\t<div class=\"elementor-widget-wrap\">\n\t\t\t\t\t\t<div class=\"elementor-element elementor-element-653ca2a elementor-widget elementor-widget-image\" data-id=\"653ca2a\" data-element_type=\"widget\" data-settings=\"{&quot;motion_fx_motion_fx_scrolling&quot;:&quot;yes&quot;,&quot;motion_fx_translateY_effect&quot;:&quot;yes&quot;,&quot;motion_fx_translateY_speed&quot;:{&quot;unit&quot;:&quot;px&quot;,&quot;size&quot;:0.59999999999999997779553950749686919152736663818359375,&quot;sizes&quot;:[]},&quot;motion_fx_translateY_affectedRange&quot;:{&quot;unit&quot;:&quot;%&quot;,&quot;size&quot;:&quot;&quot;,&quot;sizes&quot;:{&quot;start&quot;:0,&quot;end&quot;:50}},&quot;motion_fx_devices&quot;:[&quot;desktop&quot;,&quot;tablet&quot;]}\" data-widget_type=\"image.default\">\n\t\t\t\t<div class=\"elementor-widget-container\">\n\t\t\t\t\t\t\t\t<div class=\"elementor-image\">\n\t\t\t\t\t\t\t\t\t\t\t\t<img decoding=\"async\" width=\"500\" height=\"500\" src=\"https:\/\/www.o-cool.eu\/wp-content\/uploads\/2019\/10\/apsorbcia-02A.png\" class=\"elementor-animation-grow attachment-full size-full wp-image-1527\" alt=\"O\u2019Cool cooling products\" loading=\"lazy\" srcset=\"https:\/\/www.o-cool.eu\/wp-content\/uploads\/2019\/10\/apsorbcia-02A.png 500w, https:\/\/www.o-cool.eu\/wp-content\/uploads\/2019\/10\/apsorbcia-02A-150x150.png 150w, https:\/\/www.o-cool.eu\/wp-content\/uploads\/2019\/10\/apsorbcia-02A-300x300.png 300w, https:\/\/www.o-cool.eu\/wp-content\/uploads\/2019\/10\/apsorbcia-02A-100x100.png 100w\" sizes=\"(max-width: 500px) 100vw, 500px\" \/>\t\t\t\t\t\t\t\t\t\t\t\t\t\t<\/div>\n\t\t\t\t\t\t<\/div>\n\t\t\t\t<\/div>\n\t\t\t\t<div class=\"elementor-element elementor-element-bac255a elementor-widget elementor-widget-heading\" data-id=\"bac255a\" data-element_type=\"widget\" data-widget_type=\"heading.default\">\n\t\t\t\t<div class=\"elementor-widget-container\">\n\t\t\t<h2 class=\"elementor-heading-title elementor-size-default\">JEDNODUCH\u00c9 POU\u017dITIE<\/h2>\t\t<\/div>\n\t\t\t\t<\/div>\n\t\t\t\t\t\t<\/div>\n\t\t\t\t\t<\/div>\n\t\t<\/div>\n\t\t\t\t<div class=\"elementor-column elementor-col-33 elementor-inner-column elementor-element elementor-element-79c3254\" data-id=\"79c3254\" data-element_type=\"column\">\n\t\t\t<div class=\"elementor-column-wrap elementor-element-populated\">\n\t\t\t\t\t\t\t<div class=\"elementor-widget-wrap\">\n\t\t\t\t\t\t<div class=\"elementor-element elementor-element-f907ca7 elementor-widget elementor-widget-image\" data-id=\"f907ca7\" data-element_type=\"widget\" data-settings=\"{&quot;motion_fx_motion_fx_scrolling&quot;:&quot;yes&quot;,&quot;motion_fx_translateY_effect&quot;:&quot;yes&quot;,&quot;motion_fx_translateY_speed&quot;:{&quot;unit&quot;:&quot;px&quot;,&quot;size&quot;:0.59999999999999997779553950749686919152736663818359375,&quot;sizes&quot;:[]},&quot;motion_fx_translateY_affectedRange&quot;:{&quot;unit&quot;:&quot;%&quot;,&quot;size&quot;:&quot;&quot;,&quot;sizes&quot;:{&quot;start&quot;:0,&quot;end&quot;:50}},&quot;motion_fx_devices&quot;:[&quot;desktop&quot;,&quot;tablet&quot;]}\" data-widget_type=\"image.default\">\n\t\t\t\t<div class=\"elementor-widget-container\">\n\t\t\t\t\t\t\t\t<div class=\"elementor-image\">\n\t\t\t\t\t\t\t\t\t\t\t\t<img decoding=\"async\" width=\"500\" height=\"500\" src=\"https:\/\/www.o-cool.eu\/wp-content\/uploads\/2019\/10\/udrzanie-vody-03A.png\" class=\"elementor-animation-grow attachment-full size-full wp-image-1529\" alt=\"\" loading=\"lazy\" srcset=\"https:\/\/www.o-cool.eu\/wp-content\/uploads\/2019\/10\/udrzanie-vody-03A.png 500w, https:\/\/www.o-cool.eu\/wp-content\/uploads\/2019\/10\/udrzanie-vody-03A-150x150.png 150w, https:\/\/www.o-cool.eu\/wp-content\/uploads\/2019\/10\/udrzanie-vody-03A-300x300.png 300w, https:\/\/www.o-cool.eu\/wp-content\/uploads\/2019\/10\/udrzanie-vody-03A-100x100.png 100w\" sizes=\"(max-width: 500px) 100vw, 500px\" \/>\t\t\t\t\t\t\t\t\t\t\t\t\t\t<\/div>\n\t\t\t\t\t\t<\/div>\n\t\t\t\t<\/div>\n\t\t\t\t<div class=\"elementor-element elementor-element-52cfe9a elementor-widget elementor-widget-heading\" data-id=\"52cfe9a\" data-element_type=\"widget\" data-widget_type=\"heading.default\">\n\t\t\t\t<div class=\"elementor-widget-container\">\n\t\t\t<h2 class=\"elementor-heading-title elementor-size-default\">SUCH\u00c1 FORMA CHLADENIA<\/h2>\t\t<\/div>\n\t\t\t\t<\/div>\n\t\t\t\t\t\t<\/div>\n\t\t\t\t\t<\/div>\n\t\t<\/div>\n\t\t\t\t\t\t\t\t<\/div>\n\t\t\t\t\t<\/div>\n\t\t<\/section>\n\t\t\t\t\t\t<\/div>\n\t\t\t\t\t<\/div>\n\t\t<\/div>\n\t\t\t\t\t\t\t\t<\/div>\n\t\t\t\t\t<\/div>\n\t\t<\/section>\n\t\t\t\t\t\t\t\t\t<\/div>\n\t\t\t<\/div>\n\t\t\t\t\t<\/div>\n\t\t","protected":false},"excerpt":{"rendered":"<p>\u00b0GAL\u00c9RIA O&#8217;Cool pre kone &#8211; chladiace terapeutick\u00e9 gama\u0161e Recenzia &#8211; Sandra Bulik-Kallayov\u00e1, BKsporthorses \u00b0E-SHOP R\u00ddCHLE CHLADENIE JEDNODUCH\u00c9 POU\u017dITIE SUCH\u00c1 FORMA CHLADENIA<\/p>\n","protected":false},"author":3,"featured_media":0,"parent":0,"menu_order":0,"comment_status":"closed","ping_status":"closed","template":"","meta":{"site-sidebar-layout":"no-sidebar","site-content-layout":"page-builder","ast-global-header-display":"","ast-main-header-display":"","ast-hfb-above-header-display":"","ast-hfb-below-header-display":"","ast-hfb-mobile-header-display":"","site-post-title":"disabled","ast-breadcrumbs-content":"","ast-featured-img":"disabled","footer-sml-layout":"","theme-transparent-header-meta":"default","adv-header-id-meta":"","stick-header-meta":"","header-above-stick-meta":"","header-main-stick-meta":"","header-below-stick-meta":""},"yoast_head":"<!-- This site is optimized with the Yoast SEO plugin v20.0 - https:\/\/yoast.com\/wordpress\/plugins\/seo\/ -->\n<title>GAL\u00c9RIA | O&#039;COOL<\/title>\n<meta name=\"description\" content=\"High quality O\u00b4Cool cooling therapy products. Fast cooling, quick, easy &amp; safe application, holds water without leakage. Unique design, perfect fit.\" \/>\n<meta name=\"robots\" content=\"index, follow, max-snippet:-1, max-image-preview:large, max-video-preview:-1\" \/>\n<link rel=\"canonical\" href=\"https:\/\/www.o-cool.eu\/sk\/galeria\/\" \/>\n<meta property=\"og:locale\" content=\"sk_SK\" \/>\n<meta property=\"og:type\" content=\"article\" \/>\n<meta property=\"og:title\" content=\"GAL\u00c9RIA | O&#039;COOL\" \/>\n<meta property=\"og:description\" content=\"High quality O\u00b4Cool cooling therapy products. Fast cooling, quick, easy &amp; safe application, holds water without leakage. Unique design, perfect fit.\" \/>\n<meta property=\"og:url\" content=\"https:\/\/www.o-cool.eu\/sk\/galeria\/\" \/>\n<meta property=\"og:site_name\" content=\"O&#039;COOL\" \/>\n<meta property=\"article:publisher\" content=\"https:\/\/www.facebook.com\/ocoolforhorses\/\" \/>\n<meta property=\"article:modified_time\" content=\"2020-01-29T11:35:29+00:00\" \/>\n<meta property=\"og:image\" content=\"https:\/\/www.o-cool.eu\/wp-content\/uploads\/2019\/10\/O-COOL-Therapy-boots-01.jpg\" \/>\n<meta name=\"twitter:card\" content=\"summary_large_image\" \/>\n<script type=\"application\/ld+json\" class=\"yoast-schema-graph\">{\"@context\":\"https:\/\/schema.org\",\"@graph\":[{\"@type\":\"WebPage\",\"@id\":\"https:\/\/www.o-cool.eu\/sk\/galeria\/\",\"url\":\"https:\/\/www.o-cool.eu\/sk\/galeria\/\",\"name\":\"GAL\u00c9RIA | O&#039;COOL\",\"isPartOf\":{\"@id\":\"https:\/\/www.o-cool.eu\/sk\/#website\"},\"datePublished\":\"2019-10-23T09:14:18+00:00\",\"dateModified\":\"2020-01-29T11:35:29+00:00\",\"description\":\"High quality O\u00b4Cool cooling therapy products. Fast cooling, quick, easy & safe application, holds water without leakage. Unique design, perfect fit.\",\"breadcrumb\":{\"@id\":\"https:\/\/www.o-cool.eu\/sk\/galeria\/#breadcrumb\"},\"inLanguage\":\"sk-SK\",\"potentialAction\":[{\"@type\":\"ReadAction\",\"target\":[\"https:\/\/www.o-cool.eu\/sk\/galeria\/\"]}]},{\"@type\":\"BreadcrumbList\",\"@id\":\"https:\/\/www.o-cool.eu\/sk\/galeria\/#breadcrumb\",\"itemListElement\":[{\"@type\":\"ListItem\",\"position\":1,\"name\":\"Home\",\"item\":\"https:\/\/www.o-cool.eu\/sk\/\"},{\"@type\":\"ListItem\",\"position\":2,\"name\":\"GAL\u00c9RIA\"}]},{\"@type\":\"WebSite\",\"@id\":\"https:\/\/www.o-cool.eu\/sk\/#website\",\"url\":\"https:\/\/www.o-cool.eu\/sk\/\",\"name\":\"O&#039;COOL\",\"description\":\"FOR HORSES\",\"publisher\":{\"@id\":\"https:\/\/www.o-cool.eu\/sk\/#organization\"},\"potentialAction\":[{\"@type\":\"SearchAction\",\"target\":{\"@type\":\"EntryPoint\",\"urlTemplate\":\"https:\/\/www.o-cool.eu\/sk\/?s={search_term_string}\"},\"query-input\":\"required name=search_term_string\"}],\"inLanguage\":\"sk-SK\"},{\"@type\":\"Organization\",\"@id\":\"https:\/\/www.o-cool.eu\/sk\/#organization\",\"name\":\"O\u00b4Cool\",\"url\":\"https:\/\/www.o-cool.eu\/sk\/\",\"logo\":{\"@type\":\"ImageObject\",\"inLanguage\":\"sk-SK\",\"@id\":\"https:\/\/www.o-cool.eu\/sk\/#\/schema\/logo\/image\/\",\"url\":\"https:\/\/www.o-cool.eu\/wp-content\/uploads\/2019\/10\/logo.png\",\"contentUrl\":\"https:\/\/www.o-cool.eu\/wp-content\/uploads\/2019\/10\/logo.png\",\"width\":520,\"height\":520,\"caption\":\"O\u00b4Cool\"},\"image\":{\"@id\":\"https:\/\/www.o-cool.eu\/sk\/#\/schema\/logo\/image\/\"},\"sameAs\":[\"https:\/\/www.instagram.com\/ocoolforhorses1\/\",\"https:\/\/www.youtube.com\/channel\/UCLLfc1T0JtLshRMqqfgRxiQ\",\"https:\/\/www.facebook.com\/ocoolforhorses\/\"]}]}<\/script>\n<!-- \/ Yoast SEO plugin. -->","yoast_head_json":{"title":"GAL\u00c9RIA | O&#039;COOL","description":"High quality O\u00b4Cool cooling therapy products. Fast cooling, quick, easy & safe application, holds water without leakage. Unique design, perfect fit.","robots":{"index":"index","follow":"follow","max-snippet":"max-snippet:-1","max-image-preview":"max-image-preview:large","max-video-preview":"max-video-preview:-1"},"canonical":"https:\/\/www.o-cool.eu\/sk\/galeria\/","og_locale":"sk_SK","og_type":"article","og_title":"GAL\u00c9RIA | O&#039;COOL","og_description":"High quality O\u00b4Cool cooling therapy products. Fast cooling, quick, easy & safe application, holds water without leakage. Unique design, perfect fit.","og_url":"https:\/\/www.o-cool.eu\/sk\/galeria\/","og_site_name":"O&#039;COOL","article_publisher":"https:\/\/www.facebook.com\/ocoolforhorses\/","article_modified_time":"2020-01-29T11:35:29+00:00","og_image":[{"url":"https:\/\/www.o-cool.eu\/wp-content\/uploads\/2019\/10\/O-COOL-Therapy-boots-01.jpg"}],"twitter_card":"summary_large_image","schema":{"@context":"https:\/\/schema.org","@graph":[{"@type":"WebPage","@id":"https:\/\/www.o-cool.eu\/sk\/galeria\/","url":"https:\/\/www.o-cool.eu\/sk\/galeria\/","name":"GAL\u00c9RIA | O&#039;COOL","isPartOf":{"@id":"https:\/\/www.o-cool.eu\/sk\/#website"},"datePublished":"2019-10-23T09:14:18+00:00","dateModified":"2020-01-29T11:35:29+00:00","description":"High quality O\u00b4Cool cooling therapy products. Fast cooling, quick, easy & safe application, holds water without leakage. Unique design, perfect fit.","breadcrumb":{"@id":"https:\/\/www.o-cool.eu\/sk\/galeria\/#breadcrumb"},"inLanguage":"sk-SK","potentialAction":[{"@type":"ReadAction","target":["https:\/\/www.o-cool.eu\/sk\/galeria\/"]}]},{"@type":"BreadcrumbList","@id":"https:\/\/www.o-cool.eu\/sk\/galeria\/#breadcrumb","itemListElement":[{"@type":"ListItem","position":1,"name":"Home","item":"https:\/\/www.o-cool.eu\/sk\/"},{"@type":"ListItem","position":2,"name":"GAL\u00c9RIA"}]},{"@type":"WebSite","@id":"https:\/\/www.o-cool.eu\/sk\/#website","url":"https:\/\/www.o-cool.eu\/sk\/","name":"O&#039;COOL","description":"FOR HORSES","publisher":{"@id":"https:\/\/www.o-cool.eu\/sk\/#organization"},"potentialAction":[{"@type":"SearchAction","target":{"@type":"EntryPoint","urlTemplate":"https:\/\/www.o-cool.eu\/sk\/?s={search_term_string}"},"query-input":"required name=search_term_string"}],"inLanguage":"sk-SK"},{"@type":"Organization","@id":"https:\/\/www.o-cool.eu\/sk\/#organization","name":"O\u00b4Cool","url":"https:\/\/www.o-cool.eu\/sk\/","logo":{"@type":"ImageObject","inLanguage":"sk-SK","@id":"https:\/\/www.o-cool.eu\/sk\/#\/schema\/logo\/image\/","url":"https:\/\/www.o-cool.eu\/wp-content\/uploads\/2019\/10\/logo.png","contentUrl":"https:\/\/www.o-cool.eu\/wp-content\/uploads\/2019\/10\/logo.png","width":520,"height":520,"caption":"O\u00b4Cool"},"image":{"@id":"https:\/\/www.o-cool.eu\/sk\/#\/schema\/logo\/image\/"},"sameAs":["https:\/\/www.instagram.com\/ocoolforhorses1\/","https:\/\/www.youtube.com\/channel\/UCLLfc1T0JtLshRMqqfgRxiQ","https:\/\/www.facebook.com\/ocoolforhorses\/"]}]}},"_links":{"self":[{"href":"https:\/\/www.o-cool.eu\/sk\/wp-json\/wp\/v2\/pages\/1659"}],"collection":[{"href":"https:\/\/www.o-cool.eu\/sk\/wp-json\/wp\/v2\/pages"}],"about":[{"href":"https:\/\/www.o-cool.eu\/sk\/wp-json\/wp\/v2\/types\/page"}],"author":[{"embeddable":true,"href":"https:\/\/www.o-cool.eu\/sk\/wp-json\/wp\/v2\/users\/3"}],"replies":[{"embeddable":true,"href":"https:\/\/www.o-cool.eu\/sk\/wp-json\/wp\/v2\/comments?post=1659"}],"version-history":[{"count":16,"href":"https:\/\/www.o-cool.eu\/sk\/wp-json\/wp\/v2\/pages\/1659\/revisions"}],"predecessor-version":[{"id":2269,"href":"https:\/\/www.o-cool.eu\/sk\/wp-json\/wp\/v2\/pages\/1659\/revisions\/2269"}],"wp:attachment":[{"href":"https:\/\/www.o-cool.eu\/sk\/wp-json\/wp\/v2\/media?parent=1659"}],"curies":[{"name":"wp","href":"https:\/\/api.w.org\/{rel}","templated":true}]}}