{"id":1661,"date":"2019-10-26T10:08:53","date_gmt":"2019-10-26T08:08:53","guid":{"rendered":"https:\/\/www.o-cool.eu\/gdpr\/"},"modified":"2019-11-21T16:21:00","modified_gmt":"2019-11-21T15:21:00","slug":"gdpr","status":"publish","type":"page","link":"https:\/\/www.o-cool.eu\/sk\/gdpr\/","title":{"rendered":"GDPR"},"content":{"rendered":"\t\t<div data-elementor-type=\"wp-page\" data-elementor-id=\"1661\" class=\"elementor elementor-1661 elementor-521\">\n\t\t\t\t\t\t<div class=\"elementor-inner\">\n\t\t\t\t<div class=\"elementor-section-wrap\">\n\t\t\t\t\t\t\t\t\t<section class=\"elementor-section elementor-top-section elementor-element elementor-element-993a7d8 elementor-section-boxed elementor-section-height-default elementor-section-height-default\" data-id=\"993a7d8\" data-element_type=\"section\">\n\t\t\t\t\t\t<div class=\"elementor-container elementor-column-gap-default\">\n\t\t\t\t\t\t\t<div class=\"elementor-row\">\n\t\t\t\t\t<div class=\"elementor-column elementor-col-100 elementor-top-column elementor-element elementor-element-a3a2243\" data-id=\"a3a2243\" data-element_type=\"column\">\n\t\t\t<div class=\"elementor-column-wrap elementor-element-populated\">\n\t\t\t\t\t\t\t<div class=\"elementor-widget-wrap\">\n\t\t\t\t\t\t<section class=\"elementor-section elementor-inner-section elementor-element elementor-element-cb26557 elementor-section-boxed elementor-section-height-default elementor-section-height-default\" data-id=\"cb26557\" data-element_type=\"section\">\n\t\t\t\t\t\t<div class=\"elementor-container elementor-column-gap-default\">\n\t\t\t\t\t\t\t<div class=\"elementor-row\">\n\t\t\t\t\t<div class=\"elementor-column elementor-col-100 elementor-inner-column elementor-element elementor-element-aec21b2\" data-id=\"aec21b2\" data-element_type=\"column\">\n\t\t\t<div class=\"elementor-column-wrap elementor-element-populated\">\n\t\t\t\t\t\t\t<div class=\"elementor-widget-wrap\">\n\t\t\t\t\t\t<div class=\"elementor-element elementor-element-1c15b96 elementor-widget elementor-widget-text-editor\" data-id=\"1c15b96\" data-element_type=\"widget\" data-widget_type=\"text-editor.default\">\n\t\t\t\t<div class=\"elementor-widget-container\">\n\t\t\t\t\t\t\t\t<div class=\"elementor-text-editor elementor-clearfix\">\n\t\t\t\t<h1>Spracovanie osobn\u00fdch \u00fadajov v s\u00falade s Nariaden\u00edm E\u00da<\/h1><p>V s\u00favislosti so v\u0161eobecn\u00fdm eur\u00f3pskym nariaden\u00edm o ochrane osobn\u00fdch \u00fadajov (angl. skratka GDPR &#8211; General Data Protection Regulation) V\u00e1s pros\u00edme o vyjadrenie s\u00fahlasu so spracovan\u00edm Va\u0161ich osobn\u00fdch \u00fadajov v e-shope <a href=\"https:\/\/www.o-cool.eu\/\">www.o-cool.eu<\/a>. \u00da\u010delom nariadenia GDPR je vy\u0161\u0161ia miera ochrany Va\u0161ich osobn\u00fdch \u00fadajov a preh\u013ead o ich spracovan\u00ed a Va\u0161ich pr\u00e1vach.<\/p><p>Va\u0161e osobn\u00e9 \u00fadaje s\u00fa spracov\u00e1van\u00e9 v\u00fdhradne v s\u00falade s platnou legislat\u00edvou. Osobn\u00e9 \u00fadaje spracov\u00e1vame v\u00fdhradne so s\u00fahlasom klienta. Je iba na jeho slobodnom rozhodnut\u00ed, \u010di svoj s\u00fahlas v nami navrhnutom rozsahu poskytne, alebo neposkytne. Poskytnutie s\u00fahlasu je \u00faplne dobrovo\u013en\u00e9 a raz poskytnut\u00fd s\u00fahlas je mo\u017en\u00e9 kedyko\u013evek odvola\u0165. Rozsahom poskytnut\u00e9ho s\u00fahlasu sme viazan\u00fd a plne ho re\u0161pektujeme.<\/p><h2>1. \u00da\u010del spracovania<\/h2><p>Va\u0161e osobn\u00e9 \u00fadaje budeme spracov\u00e1va\u0165 za \u00fa\u010delom realiz\u00e1cie Va\u0161ich objedn\u00e1vok, objednan\u00fdch slu\u017eieb, faktur\u00e1cie alebo pre \u00fa\u010dely doru\u010denia objedn\u00e1vok na Va\u0161u kontaktn\u00fa adresu.<\/p><h2>2. Rozsah spracovania<\/h2><p>Spracov\u00e1vame nasleduj\u00face z\u00e1kazn\u00edcke \u00fadaje, ktor\u00e9 s\u00fa potrebn\u00e9 pre realiz\u00e1ciu objedn\u00e1vok a ktor\u00e9 n\u00e1m poskytujete vedome:<\/p><ul><li>Meno<\/li><li>Priezvisko<\/li><li>Adresa (ulica a s\u00fapisn\u00e9 \u010d\u00edslo, po\u0161tov\u00e9 smerovacie \u010d\u00edslo, mesto, \u0161t\u00e1t)<\/li><li>Telef\u00f3nne \u010d\u00edslo<\/li><li>E-mailov\u00e1 adresa<\/li><li>Cookies<\/li><li>IP adresa<\/li><\/ul><h2>3. Doba spracovania<\/h2><p>Va\u0161e osobn\u00e9 \u00fadaje bud\u00fa bezpe\u010dne ulo\u017een\u00e9, zhroma\u017e\u010fovan\u00e9, spracov\u00e1van\u00e9 a archivovan\u00e9 z d\u00f4vodu vedenia \u00fa\u010dtovn\u00fdch z\u00e1znamov a dokladov po dobu 10 rokov (na z\u00e1klade z\u00e1kona \u010d. 431\/2002 Z.z. o \u00fa\u010dtovn\u00edctve v znen\u00ed neskor\u0161\u00edch predpisov) od poslednej realizovanej objedn\u00e1vky.<\/p><h2>4. S\u00fabory Cookies<\/h2><p>Pre potreby prisp\u00f4sobenia obsahu n\u00e1\u0161ho e-shopu Va\u0161im preferenci\u00e1m pou\u017e\u00edvame s\u00fabory Cookies. Cookies s\u00fa mal\u00e9 d\u00e1tov\u00e9 s\u00fabory, ktor\u00e9 si uklad\u00e1 n\u00e1\u0161 e-shop do V\u00e1\u0161ho webov\u00e9ho prehliada\u010da pri jeho n\u00e1v\u0161teve. Pokia\u013e nes\u00fahlas\u00edte s pou\u017eit\u00edm s\u00faborov Cookies, nastavte si vlastn\u00e9 pravidl\u00e1 pre pou\u017eitie Cookies vo webovom prehliada\u010di na Va\u0161om zariaden\u00ed. V pr\u00edpade, \u017ee zak\u00e1\u017eete pou\u017eitie s\u00faborov Cookies, m\u00f4\u017ee by\u0165 funk\u010dnos\u0165 e-shopu obmedzen\u00e1.<\/p><p>Cookies je kr\u00e1tky textov\u00fd s\u00fabor, ktor\u00fd do prehliada\u010da odosiela nav\u0161t\u00edven\u00e9 webov\u00e9 str\u00e1nky. Webov\u00fdm str\u00e1nkam umo\u017e\u0148uje zapam\u00e4ta\u0165 si inform\u00e1cie o va\u0161ej n\u00e1v\u0161teve, napr\u00edklad preferovan\u00e9 zobrazovanie produktov, produktov\u00e9 filtre a \u010fal\u0161ie nastavenia pri nakupovan\u00ed. \u010eal\u0161ia n\u00e1v\u0161teva str\u00e1nok tak m\u00f4\u017ee prebehn\u00fa\u0165 \u013eah\u0161ie a m\u00f4\u017ee by\u0165 produkt\u00edvnej\u0161ia. S\u00fabory cookies s\u00fa d\u00f4le\u017eit\u00e9. Bez nich by bolo prehliadanie webu ove\u013ea zlo\u017eitej\u0161ie.<\/p><p>S\u00fabory cookies pou\u017e\u00edvame na mno\u017estvo cie\u013eov. Pou\u017e\u00edvame ich napr\u00edklad na ukladanie Va\u0161ich predvolieb pri nakupovan\u00ed, zobrazenie hist\u00f3rie prehliadan\u00fdch produktov, na sledovanie po\u010dtu n\u00e1v\u0161tevn\u00edkov na str\u00e1nke, na automatick\u00e9 prihl\u00e1senie do v\u00e1\u0161ho \u00fa\u010dtu pri \u010fal\u0161ej n\u00e1v\u0161teve a na ochranu va\u0161ich \u00fadajov.<\/p><h2>5. Webov\u00e1 metrika a analytika<\/h2><p>Jedn\u00e1 sa o konverzn\u00e9, alebo pixelov\u00e9 zna\u010dky, pr\u00edpadne mal\u00e9 grafick\u00e9 obr\u00e1zky, ktor\u00e9 m\u00f4\u017eu by\u0165 za\u010dlenen\u00e9 v k\u00f3de n\u00e1\u0161ho e-shopu a na z\u00e1klade ktor\u00fdch je mo\u017en\u00e1 identifik\u00e1cia pou\u017e\u00edvate\u013ea pre \u00fa\u010dely zaznamenania jeho spr\u00e1vania sa a merania n\u00e1v\u0161tevnosti. Vyu\u017e\u00edvame nasleduj\u00face syst\u00e9my:<\/p><ul><li>Google Analytics<\/li><li>Facebook pixel<\/li><\/ul><h2>6. Reklamn\u00e9 a propaga\u010dn\u00e9 slu\u017eby<\/h2><p>V e-shope pou\u017e\u00edvame mimo vybavenia objedn\u00e1vok Va\u0161e kontakty k zasielaniu reklamn\u00fdch, alebo obchodn\u00fdch ozn\u00e1men\u00ed. Jedn\u00e1 sa o spracovanie nasleduj\u00facich \u00fadajov:<\/p><ul><li>meno<\/li><li>priezvisko<\/li><li>e-mailov\u00e1 adresa<\/li><\/ul><p>\u00dadaje pou\u017e\u00edvate\u013eov, ktor\u00ed sa prihl\u00e1sili k odoberaniu noviniek z e-shopu (tzv. Newsletter) s\u00fa odosielan\u00e9 a spracov\u00e1van\u00e9 tre\u0165ou stranou mimo EU &#8211; spolo\u010dnos\u0165ou The Rocket Science Group, ktor\u00e1 prev\u00e1dzkuje slu\u017ebu Mailchimp a ktor\u00e1 dodr\u017eiava z\u00e1sady eur\u00f3pskeho nariadenia na ochranu osobn\u00fdch \u00fadajov. Dostupn\u00e9 s\u00fa na webovej adrese: <a href=\"https:\/\/mailchimp.com\/legal\/privacy\/\">https:\/\/mailchimp.com\/legal\/privacy\/<\/a><\/p><h2>7. Pr\u00e1vo na pr\u00edstup k \u00fadajom<\/h2><p>Pou\u017e\u00edvate\u013e e-shopu m\u00e1 pr\u00e1vo na z\u00edskanie inform\u00e1ci\u00ed o \u00fa\u010dele a rozsahu spracovania jeho osobn\u00fdch \u00fadajov.<\/p><h2>8. Pr\u00e1vo na prenosite\u013enos\u0165 \u00fadajov<\/h2><p>Povinnos\u0165ou spr\u00e1vcu je preda\u0165 nosite\u013eovi \u00fadajov v\u0161etky o \u0148om spracov\u00e1van\u00e9 inform\u00e1cie v \u0161trukt\u00farovanom, be\u017ene pou\u017e\u00edvanom, strojovo \u010ditate\u013enom form\u00e1te. Uplatnen\u00edm tohto pr\u00e1va z\u00edskava pou\u017e\u00edvate\u013e kontrolu nad svojimi osobn\u00fdmi \u00fadajmi a m\u00e1 rovnako mo\u017enos\u0165 ich v takto z\u00edskanej podobe preda\u0165 in\u00e9mu spr\u00e1vcovi.<\/p><p>N\u00e1stroj pre stiahnutie \u00fadajov je pou\u017e\u00edvate\u013eovi dostupn\u00fd v \u010dasti Moje Konto.<\/p><h2>9. Pr\u00e1vo na opravu \u00fadajov<\/h2><p>Pou\u017e\u00edvate\u013e m\u00e1 pr\u00e1vo v pr\u00edpade podozrenia na nespr\u00e1vnos\u0165 ulo\u017een\u00fdch \u00fadajov po\u017eiada\u0165 spr\u00e1vcu \u00fadajov o opravu. Svoje \u00fadaje si m\u00f4\u017ee upravova\u0165 v \u010dasti Moje Konto.<\/p><h2>10. Pr\u00e1vo na obmedzen\u00e9 spracovanie \u00fadajov<\/h2><p>Pou\u017e\u00edvate\u013e m\u00e1 pr\u00e1vo na to, aby spr\u00e1vca obmedzil spracovanie jeho osobn\u00fdch \u00fadajov, alebo znepr\u00edstupnil vybran\u00e9 osobn\u00e9 \u00fadaje, alebo do\u010dasne odstr\u00e1nil zverejnen\u00e9 \u00fadaje.<\/p><h2>11. Pr\u00e1vo na vymazanie \u00fadajov<\/h2><p>Pou\u017e\u00edvate\u013e m\u00e1 pr\u00e1vo na vymazanie svojich osobn\u00fdch \u00fadajov bez zbyto\u010dn\u00e9ho odkladu, pokia\u013e u\u017e nie s\u00fa potrebn\u00e9 pre \u00fa\u010del, pre ktor\u00fd boli zhroma\u017e\u010fovan\u00e9, alebo spracov\u00e1van\u00e9 a pominul z\u00e1konn\u00fd d\u00f4vod ich pr\u00edpadnej archiv\u00e1cie. Pri po\u017eiadavke na vymazanie \u00fadajov bud\u00fa v\u0161etky nen\u00e1vratne vymazan\u00e9 a s\u00favisiace objedn\u00e1vky (ak existuj\u00fa) anonymizovan\u00e9.<\/p><h2>12. Pr\u00e1vo na zabudnutie<\/h2><p>Pou\u017e\u00edvate\u013e m\u00e1 pr\u00e1vo na vykonanie primeran\u00fdch krokov, vr\u00e1tane technick\u00fdch opatren\u00ed, k vymazaniu v\u0161etk\u00fdch odkazov na svoje osobn\u00e9 \u00fadaje a ich k\u00f3pie, ak pominul z\u00e1konn\u00fd d\u00f4vod ich pr\u00edpadnej archiv\u00e1cie.<\/p><h2>13. Pr\u00e1vo vznies\u0165 n\u00e1mietku<\/h2><p>Pou\u017e\u00edvate\u013e m\u00e1 pr\u00e1vo vznies\u0165 n\u00e1mietku proti spracovaniu osobn\u00fdch \u00fadajov, alebo pokia\u013e nem\u00e1 mo\u017enos\u0165 uplatni\u0165 pr\u00e1vo na v\u00fdmaz.<\/p><h2>14. Pr\u00e1vo poda\u0165 s\u0165a\u017enos\u0165<\/h2><p>Pou\u017e\u00edvate\u013e m\u00e1 pr\u00e1vo poda\u0165 s\u0165a\u017enos\u0165 dozorn\u00e9mu org\u00e1nu pokia\u013e sa domnieva, \u017ee spracovan\u00edm jeho osobn\u00fdch \u00fadajov je v rozpore s nariaden\u00edm GDPR.<\/p><h2>15. Zaznamen\u00e1vanie po\u017eiadaviek pou\u017e\u00edvate\u013eov<\/h2><p>Prev\u00e1dzkovate\u013e e-shopu je povinn\u00fd zaznamen\u00e1va\u0165 v\u0161etky po\u017eiadavky pou\u017e\u00edvate\u013eov v s\u00favislosti so stiahnut\u00edm, opravou a vymazan\u00edm jeho \u00fadajov.<\/p><h2>16. Zabezpe\u010denie ochrany \u00fadajov<\/h2><p>Disponujeme modern\u00fdmi technick\u00fdmi a bezpe\u010dnostn\u00fdmi mechanizmami zabezpe\u010duj\u00facimi ochranu spracov\u00e1van\u00fdch \u00fadajov pred neopr\u00e1vnen\u00fdm pr\u00edstupom alebo prenosom, pred ich stratou alebo zni\u010den\u00edm, alebo in\u00fdm mo\u017en\u00fdm zneu\u017eit\u00edm.<\/p><p>V pr\u00edpade neposkytnutia s\u00fahlasu a osobn\u00fdch \u00fadajov V\u00e1m nebudeme m\u00f4c\u0165 na z\u00e1klade Eur\u00f3pskeho nariadenia o ochrane osobn\u00fdch \u00fadajov poskytn\u00fa\u0165 \u017eiadne slu\u017eby.<\/p><p>V Bratislave, d\u0148a 22.11.2019<\/p><p>\u00a0<\/p>\t\t\t\t\t<\/div>\n\t\t\t\t\t\t<\/div>\n\t\t\t\t<\/div>\n\t\t\t\t<div class=\"elementor-element elementor-element-95fbab0 elementor-invisible elementor-widget elementor-widget-premium-addon-button\" data-id=\"95fbab0\" data-element_type=\"widget\" data-settings=\"{&quot;_animation&quot;:&quot;headShake&quot;}\" data-widget_type=\"premium-addon-button.default\">\n\t\t\t\t<div class=\"elementor-widget-container\">\n\t\t\t\r\n\r\n\t\t<a class=\"premium-button premium-button-none premium-btn-sm premium-button-none\" href=\"https:\/\/www.o-cool.eu\">\r\n\t\t\t<div class=\"premium-button-text-icon-wrapper\">\r\n\t\t\t\t\t\t\t\t<span >\r\n\t\t\t\t\t\u00b0SP\u00c4\u0164\t\t\t\t<\/span>\r\n\t\t\t\t\t\t\t<\/div>\r\n\t\t\t\t\t\t\t\t<\/a>\r\n\r\n\r\n\t\t\t\t<\/div>\n\t\t\t\t<\/div>\n\t\t\t\t\t\t<\/div>\n\t\t\t\t\t<\/div>\n\t\t<\/div>\n\t\t\t\t\t\t\t\t<\/div>\n\t\t\t\t\t<\/div>\n\t\t<\/section>\n\t\t\t\t\t\t<\/div>\n\t\t\t\t\t<\/div>\n\t\t<\/div>\n\t\t\t\t\t\t\t\t<\/div>\n\t\t\t\t\t<\/div>\n\t\t<\/section>\n\t\t\t\t\t\t\t\t\t<\/div>\n\t\t\t<\/div>\n\t\t\t\t\t<\/div>\n\t\t","protected":false},"excerpt":{"rendered":"<p>Spracovanie osobn\u00fdch \u00fadajov v s\u00falade s Nariaden\u00edm E\u00da V s\u00favislosti so v\u0161eobecn\u00fdm eur\u00f3pskym nariaden\u00edm o ochrane osobn\u00fdch \u00fadajov (angl. skratka GDPR &#8211; General Data Protection Regulation) V\u00e1s pros\u00edme o vyjadrenie s\u00fahlasu so spracovan\u00edm Va\u0161ich osobn\u00fdch \u00fadajov v e-shope www.o-cool.eu. \u00da\u010delom nariadenia GDPR je vy\u0161\u0161ia miera ochrany Va\u0161ich osobn\u00fdch \u00fadajov a preh\u013ead o ich spracovan\u00ed a &hellip;<\/p>\n<p class=\"read-more\"> <a class=\"\" href=\"https:\/\/www.o-cool.eu\/sk\/gdpr\/\"> <span class=\"screen-reader-text\">GDPR<\/span> \u010c\u00edtajte viac &raquo;<\/a><\/p>\n","protected":false},"author":3,"featured_media":0,"parent":0,"menu_order":0,"comment_status":"closed","ping_status":"closed","template":"","meta":{"site-sidebar-layout":"no-sidebar","site-content-layout":"page-builder","ast-global-header-display":"","ast-main-header-display":"","ast-hfb-above-header-display":"","ast-hfb-below-header-display":"","ast-hfb-mobile-header-display":"","site-post-title":"disabled","ast-breadcrumbs-content":"","ast-featured-img":"disabled","footer-sml-layout":"","theme-transparent-header-meta":"default","adv-header-id-meta":"","stick-header-meta":"","header-above-stick-meta":"","header-main-stick-meta":"","header-below-stick-meta":""},"yoast_head":"<!-- This site is optimized with the Yoast SEO plugin v20.0 - https:\/\/yoast.com\/wordpress\/plugins\/seo\/ -->\n<title>GDPR | O&#039;COOL<\/title>\n<meta name=\"description\" content=\"Your horse deserves the best! Discover O\u00b4Cool therapy boots - high quality cooling equipment for horses! Quick, easy &amp; safe way to cool your horse\u00b4s legs.\" \/>\n<meta name=\"robots\" content=\"noindex, nofollow\" \/>\n<meta property=\"og:locale\" content=\"sk_SK\" \/>\n<meta property=\"og:type\" content=\"article\" \/>\n<meta property=\"og:title\" content=\"GDPR | O&#039;COOL\" \/>\n<meta property=\"og:description\" content=\"Your horse deserves the best! Discover O\u00b4Cool therapy boots - high quality cooling equipment for horses! Quick, easy &amp; safe way to cool your horse\u00b4s legs.\" \/>\n<meta property=\"og:url\" content=\"https:\/\/www.o-cool.eu\/sk\/gdpr\/\" \/>\n<meta property=\"og:site_name\" content=\"O&#039;COOL\" \/>\n<meta property=\"article:publisher\" content=\"https:\/\/www.facebook.com\/ocoolforhorses\/\" \/>\n<meta property=\"article:modified_time\" content=\"2019-11-21T15:21:00+00:00\" \/>\n<meta property=\"og:image\" content=\"https:\/\/www.o-cool.eu\/wp-content\/uploads\/2019\/10\/logo.png\" \/>\n\t<meta property=\"og:image:width\" content=\"520\" \/>\n\t<meta property=\"og:image:height\" content=\"520\" \/>\n\t<meta property=\"og:image:type\" content=\"image\/png\" \/>\n<meta name=\"twitter:card\" content=\"summary_large_image\" \/>\n<meta name=\"twitter:label1\" content=\"Predpokladan\u00fd \u010das \u010d\u00edtania\" \/>\n\t<meta name=\"twitter:data1\" content=\"6 min\u00fat\" \/>\n<script type=\"application\/ld+json\" class=\"yoast-schema-graph\">{\"@context\":\"https:\/\/schema.org\",\"@graph\":[{\"@type\":\"WebPage\",\"@id\":\"https:\/\/www.o-cool.eu\/sk\/gdpr\/\",\"url\":\"https:\/\/www.o-cool.eu\/sk\/gdpr\/\",\"name\":\"GDPR | O&#039;COOL\",\"isPartOf\":{\"@id\":\"https:\/\/www.o-cool.eu\/sk\/#website\"},\"datePublished\":\"2019-10-26T08:08:53+00:00\",\"dateModified\":\"2019-11-21T15:21:00+00:00\",\"description\":\"Your horse deserves the best! Discover O\u00b4Cool therapy boots - high quality cooling equipment for horses! Quick, easy & safe way to cool your horse\u00b4s legs.\",\"breadcrumb\":{\"@id\":\"https:\/\/www.o-cool.eu\/sk\/gdpr\/#breadcrumb\"},\"inLanguage\":\"sk-SK\",\"potentialAction\":[{\"@type\":\"ReadAction\",\"target\":[\"https:\/\/www.o-cool.eu\/sk\/gdpr\/\"]}]},{\"@type\":\"BreadcrumbList\",\"@id\":\"https:\/\/www.o-cool.eu\/sk\/gdpr\/#breadcrumb\",\"itemListElement\":[{\"@type\":\"ListItem\",\"position\":1,\"name\":\"Home\",\"item\":\"https:\/\/www.o-cool.eu\/sk\/\"},{\"@type\":\"ListItem\",\"position\":2,\"name\":\"GDPR\"}]},{\"@type\":\"WebSite\",\"@id\":\"https:\/\/www.o-cool.eu\/sk\/#website\",\"url\":\"https:\/\/www.o-cool.eu\/sk\/\",\"name\":\"O&#039;COOL\",\"description\":\"FOR HORSES\",\"publisher\":{\"@id\":\"https:\/\/www.o-cool.eu\/sk\/#organization\"},\"potentialAction\":[{\"@type\":\"SearchAction\",\"target\":{\"@type\":\"EntryPoint\",\"urlTemplate\":\"https:\/\/www.o-cool.eu\/sk\/?s={search_term_string}\"},\"query-input\":\"required name=search_term_string\"}],\"inLanguage\":\"sk-SK\"},{\"@type\":\"Organization\",\"@id\":\"https:\/\/www.o-cool.eu\/sk\/#organization\",\"name\":\"O\u00b4Cool\",\"url\":\"https:\/\/www.o-cool.eu\/sk\/\",\"logo\":{\"@type\":\"ImageObject\",\"inLanguage\":\"sk-SK\",\"@id\":\"https:\/\/www.o-cool.eu\/sk\/#\/schema\/logo\/image\/\",\"url\":\"https:\/\/www.o-cool.eu\/wp-content\/uploads\/2019\/10\/logo.png\",\"contentUrl\":\"https:\/\/www.o-cool.eu\/wp-content\/uploads\/2019\/10\/logo.png\",\"width\":520,\"height\":520,\"caption\":\"O\u00b4Cool\"},\"image\":{\"@id\":\"https:\/\/www.o-cool.eu\/sk\/#\/schema\/logo\/image\/\"},\"sameAs\":[\"https:\/\/www.instagram.com\/ocoolforhorses1\/\",\"https:\/\/www.youtube.com\/channel\/UCLLfc1T0JtLshRMqqfgRxiQ\",\"https:\/\/www.facebook.com\/ocoolforhorses\/\"]}]}<\/script>\n<!-- \/ Yoast SEO plugin. -->","yoast_head_json":{"title":"GDPR | O&#039;COOL","description":"Your horse deserves the best! Discover O\u00b4Cool therapy boots - high quality cooling equipment for horses! Quick, easy & safe way to cool your horse\u00b4s legs.","robots":{"index":"noindex","follow":"nofollow"},"og_locale":"sk_SK","og_type":"article","og_title":"GDPR | O&#039;COOL","og_description":"Your horse deserves the best! Discover O\u00b4Cool therapy boots - high quality cooling equipment for horses! Quick, easy & safe way to cool your horse\u00b4s legs.","og_url":"https:\/\/www.o-cool.eu\/sk\/gdpr\/","og_site_name":"O&#039;COOL","article_publisher":"https:\/\/www.facebook.com\/ocoolforhorses\/","article_modified_time":"2019-11-21T15:21:00+00:00","og_image":[{"width":520,"height":520,"url":"https:\/\/www.o-cool.eu\/wp-content\/uploads\/2019\/10\/logo.png","type":"image\/png"}],"twitter_card":"summary_large_image","twitter_misc":{"Predpokladan\u00fd \u010das \u010d\u00edtania":"6 min\u00fat"},"schema":{"@context":"https:\/\/schema.org","@graph":[{"@type":"WebPage","@id":"https:\/\/www.o-cool.eu\/sk\/gdpr\/","url":"https:\/\/www.o-cool.eu\/sk\/gdpr\/","name":"GDPR | O&#039;COOL","isPartOf":{"@id":"https:\/\/www.o-cool.eu\/sk\/#website"},"datePublished":"2019-10-26T08:08:53+00:00","dateModified":"2019-11-21T15:21:00+00:00","description":"Your horse deserves the best! Discover O\u00b4Cool therapy boots - high quality cooling equipment for horses! Quick, easy & safe way to cool your horse\u00b4s legs.","breadcrumb":{"@id":"https:\/\/www.o-cool.eu\/sk\/gdpr\/#breadcrumb"},"inLanguage":"sk-SK","potentialAction":[{"@type":"ReadAction","target":["https:\/\/www.o-cool.eu\/sk\/gdpr\/"]}]},{"@type":"BreadcrumbList","@id":"https:\/\/www.o-cool.eu\/sk\/gdpr\/#breadcrumb","itemListElement":[{"@type":"ListItem","position":1,"name":"Home","item":"https:\/\/www.o-cool.eu\/sk\/"},{"@type":"ListItem","position":2,"name":"GDPR"}]},{"@type":"WebSite","@id":"https:\/\/www.o-cool.eu\/sk\/#website","url":"https:\/\/www.o-cool.eu\/sk\/","name":"O&#039;COOL","description":"FOR HORSES","publisher":{"@id":"https:\/\/www.o-cool.eu\/sk\/#organization"},"potentialAction":[{"@type":"SearchAction","target":{"@type":"EntryPoint","urlTemplate":"https:\/\/www.o-cool.eu\/sk\/?s={search_term_string}"},"query-input":"required name=search_term_string"}],"inLanguage":"sk-SK"},{"@type":"Organization","@id":"https:\/\/www.o-cool.eu\/sk\/#organization","name":"O\u00b4Cool","url":"https:\/\/www.o-cool.eu\/sk\/","logo":{"@type":"ImageObject","inLanguage":"sk-SK","@id":"https:\/\/www.o-cool.eu\/sk\/#\/schema\/logo\/image\/","url":"https:\/\/www.o-cool.eu\/wp-content\/uploads\/2019\/10\/logo.png","contentUrl":"https:\/\/www.o-cool.eu\/wp-content\/uploads\/2019\/10\/logo.png","width":520,"height":520,"caption":"O\u00b4Cool"},"image":{"@id":"https:\/\/www.o-cool.eu\/sk\/#\/schema\/logo\/image\/"},"sameAs":["https:\/\/www.instagram.com\/ocoolforhorses1\/","https:\/\/www.youtube.com\/channel\/UCLLfc1T0JtLshRMqqfgRxiQ","https:\/\/www.facebook.com\/ocoolforhorses\/"]}]}},"_links":{"self":[{"href":"https:\/\/www.o-cool.eu\/sk\/wp-json\/wp\/v2\/pages\/1661"}],"collection":[{"href":"https:\/\/www.o-cool.eu\/sk\/wp-json\/wp\/v2\/pages"}],"about":[{"href":"https:\/\/www.o-cool.eu\/sk\/wp-json\/wp\/v2\/types\/page"}],"author":[{"embeddable":true,"href":"https:\/\/www.o-cool.eu\/sk\/wp-json\/wp\/v2\/users\/3"}],"replies":[{"embeddable":true,"href":"https:\/\/www.o-cool.eu\/sk\/wp-json\/wp\/v2\/comments?post=1661"}],"version-history":[{"count":2,"href":"https:\/\/www.o-cool.eu\/sk\/wp-json\/wp\/v2\/pages\/1661\/revisions"}],"predecessor-version":[{"id":1790,"href":"https:\/\/www.o-cool.eu\/sk\/wp-json\/wp\/v2\/pages\/1661\/revisions\/1790"}],"wp:attachment":[{"href":"https:\/\/www.o-cool.eu\/sk\/wp-json\/wp\/v2\/media?parent=1661"}],"curies":[{"name":"wp","href":"https:\/\/api.w.org\/{rel}","templated":true}]}}